{"id":3521,"date":"2022-04-01T17:33:40","date_gmt":"2022-04-01T17:33:40","guid":{"rendered":"https:\/\/stage.vichinoisecakes.com\/?page_id=3521"},"modified":"2023-12-17T22:30:22","modified_gmt":"2023-12-17T21:30:22","slug":"comment-commander","status":"publish","type":"page","link":"https:\/\/www.vichinoisecakes.com\/en\/comment-commander\/","title":{"rendered":"Ordering process"},"content":{"rendered":"<section class=\"wpb-content-wrapper\"><div class=\"vc_row wpb_row vc_row-fluid vc_custom_1651528848575\" ><div class=\"wpb_column vc_column_container vc_col-sm-12\"><div class=\"vc_column-inner\"><div class=\"wpb_wrapper\"><div class=\"mkdf-row-grid-section-wrapper\" ><div class=\"mkdf-row-grid-section\"><div class=\"vc_row wpb_row vc_inner vc_row-fluid\" ><div class=\"wpb_column vc_column_container vc_col-sm-10 vc_col-lg-6 vc_col-md-10 vc_col-xs-12\"><div class=\"vc_column-inner vc_custom_1534508595924\"><div class=\"wpb_wrapper\"><div class=\"mkdf-section-title-holder  mkdf-st-standard mkdf-st-title-left mkdf-st-normal-space\" style=\"padding:0 0 15% 0;text-align: left\">\n\t<div class=\"mkdf-st-inner\">\n\t\t\t\t\t<h1 class=\"mkdf-st-title\" >\n\t\t\t\t1.CONTACT US<br \/>\t\t\t<\/h1>\n\t\t    <span class=\"mkdf-st-line\" style=\"margin: 60px 9% 0 18%; height: 115px\"><\/span>\n    <div class=\"mkdf-st-text\" style=\"margin-top: 50px;padding-right: 0\">\n        \n<div class=\"vc_row wpb_row vc_inner vc_row-fluid\">\n<div class=\"wpb_column vc_column_container vc_col-sm-12\">\n<div class=\"vc_column-inner\">\n<div class=\"wpb_wrapper\">\n<div class=\"wpb_text_column wpb_content_element\">\n<div class=\"wpb_wrapper\">\n<p>The first step is to contact us via phone or email to check our availability and to exchange ideas. We will provide you with a quote shortly thereafter.<\/p>\n<p>We typically require at least 3 weeks' notice (depending on the intricacy of the design) to create a bespoke cake. If you require a cake earlier, however, then please contact us to discuss further.<\/p>\n<\/div>\n<\/div>\n<\/div>\n<\/div>\n<\/div>\n<\/div>\n    <\/div>\n\t<\/div>\n<\/div><div class=\"mkdf-section-title-holder  mkdf-st-standard mkdf-st-title-left mkdf-st-normal-space\" style=\"padding:0 0 15% 0;text-align: left\">\n\t<div class=\"mkdf-st-inner\">\n\t\t\t\t\t<h1 class=\"mkdf-st-title\" >\n\t\t\t\t2.SECURE<br \/> YOUR DATE\t\t\t<\/h1>\n\t\t    <span class=\"mkdf-st-line\" style=\"margin: 60px 9% 0 18%; height: 115px\"><\/span>\n    <div class=\"mkdf-st-text\" style=\"margin-top: 50px;padding-right: 0\">\n        \n<div class=\"vc_row wpb_row vc_inner vc_row-fluid\">\n<div class=\"wpb_column vc_column_container vc_col-sm-12\">\n<div class=\"vc_column-inner\">\n<div class=\"wpb_wrapper\">\n<div class=\"wpb_text_column wpb_content_element\">\n<div class=\"wpb_wrapper\">\n<div class=\"vc_row wpb_row vc_inner vc_row-fluid\">\n<div class=\"wpb_column vc_column_container vc_col-sm-12\">\n<div class=\"vc_column-inner\">\n<div class=\"wpb_wrapper\">\n<div class=\"wpb_text_column wpb_content_element\">\n<div class=\"wpb_wrapper\">\n<p>Once you have decided to proceed with us, you will need to reserve your date with a non-refundable deposit of 50% of your order, which will be deducted from the final cost.<\/p>\n<\/div>\n<\/div>\n<\/div>\n<\/div>\n<\/div>\n<\/div>\n<\/div>\n<\/div>\n<\/div>\n<\/div>\n<\/div>\n<\/div>\n    <\/div>\n\t<\/div>\n<\/div><div class=\"mkdf-section-title-holder  mkdf-st-standard mkdf-st-title-left mkdf-st-normal-space\" style=\"padding:0 0 15% 0;text-align: left\">\n\t<div class=\"mkdf-st-inner\">\n\t\t\t\t\t<h1 class=\"mkdf-st-title\" >\n\t\t\t\t3.PAY<br \/> THE BALANCE\t\t\t<\/h1>\n\t\t    <span class=\"mkdf-st-line\" style=\"margin: 60px 9% 0 18%; height: 40px\"><\/span>\n    <div class=\"mkdf-st-text\" style=\"margin-top: 50px;padding-right: 0\">\n        \n<div class=\"vc_row wpb_row vc_inner vc_row-fluid\">\n<div class=\"wpb_column vc_column_container vc_col-sm-12\">\n<div class=\"vc_column-inner\">\n<div class=\"wpb_wrapper\">\n<div class=\"wpb_text_column wpb_content_element\">\n<div class=\"wpb_wrapper\">\n<div class=\"vc_row wpb_row vc_inner vc_row-fluid\">\n<div class=\"wpb_column vc_column_container vc_col-sm-12\">\n<div class=\"vc_column-inner\">\n<div class=\"wpb_wrapper\">\n<div class=\"wpb_text_column wpb_content_element\">\n<div class=\"wpb_wrapper\">The balance is due by the collection \/ delivery date.<\/div>\n<\/div>\n<\/div>\n<\/div>\n<\/div>\n<\/div>\n<\/div>\n<\/div>\n<\/div>\n<\/div>\n<\/div>\n<\/div>\n    <\/div>\n\t<\/div>\n<\/div><\/div><\/div><\/div><div class=\"wpb_column vc_column_container vc_col-sm-2 vc_col-lg-6 vc_col-md-2 vc_hidden-xs\"><div class=\"vc_column-inner\"><div class=\"wpb_wrapper\"><\/div><\/div><\/div><\/div><\/div><\/div><\/div><\/div><\/div><div class=\"mkdf-row-parallax-background-elements-holder mkdf-parallax-elements-top\"><div class=\"mkdf-row-parallax-right\"><img decoding=\"async\" class=\"mkdf-row-parallax-element\" src=\"https:\/\/www.vichinoisecakes.com\/wp-content\/uploads\/2022\/04\/side_800.jpg\" alt=\"Right Parallax Background Element\"\/><\/div><\/div><\/div><div class=\"vc_row wpb_row vc_row-fluid\" ><div class=\"wpb_column vc_column_container vc_col-sm-12 vc_hidden-lg vc_hidden-md vc_hidden-sm\"><div class=\"vc_column-inner\"><div class=\"wpb_wrapper\"><div class=\"vc_empty_space\"   style=\"height: 32px\"><span class=\"vc_empty_space_inner\"><\/span><\/div><\/div><\/div><\/div><\/div><div class=\"vc_row wpb_row vc_row-fluid\" ><div class=\"wpb_column vc_column_container vc_col-sm-12\"><div class=\"vc_column-inner\"><div class=\"wpb_wrapper\"><div class=\"mkdf-row-grid-section-wrapper\" ><div class=\"mkdf-row-grid-section\"><div class=\"vc_row wpb_row vc_inner vc_row-fluid\" ><div class=\"wpb_column vc_column_container vc_col-sm-10 vc_col-lg-6 vc_col-md-10 vc_col-xs-12\"><div class=\"vc_column-inner vc_custom_1534508595924\"><div class=\"wpb_wrapper\"><div class=\"mkdf-elements-holder   mkdf-one-column  mkdf-responsive-mode-768\" ><div class=\"mkdf-eh-item\"  data-item-class=\"mkdf-eh-custom-9247\" data-1025-1366=\"0 0 50px 0\">\n\t<div class=\"mkdf-eh-item-inner\">\n\t\t<div class=\"mkdf-eh-item-content mkdf-eh-custom-9247\" style=\"padding: 112px 0 50px 0\">\n\t\t\t<div class=\"mkdf-single-image-holder\" >\n    <div class=\"mkdf-si-inner\" >\n                                    <img loading=\"lazy\" decoding=\"async\" width=\"2560\" height=\"2291\" src=\"https:\/\/www.vichinoisecakes.com\/wp-content\/uploads\/2023\/12\/gateau_fleurs-scaled.jpg\" class=\"attachment-full size-full\" alt=\"\" srcset=\"https:\/\/www.vichinoisecakes.com\/wp-content\/uploads\/2023\/12\/gateau_fleurs-scaled.jpg 2560w, https:\/\/www.vichinoisecakes.com\/wp-content\/uploads\/2023\/12\/gateau_fleurs-300x268.jpg 300w, https:\/\/www.vichinoisecakes.com\/wp-content\/uploads\/2023\/12\/gateau_fleurs-1024x916.jpg 1024w, https:\/\/www.vichinoisecakes.com\/wp-content\/uploads\/2023\/12\/gateau_fleurs-768x687.jpg 768w, https:\/\/www.vichinoisecakes.com\/wp-content\/uploads\/2023\/12\/gateau_fleurs-1536x1374.jpg 1536w, https:\/\/www.vichinoisecakes.com\/wp-content\/uploads\/2023\/12\/gateau_fleurs-13x12.jpg 13w\" sizes=\"auto, (max-width: 2560px) 100vw, 2560px\">                        <\/div>\n<\/div>\t\t<\/div>\n\t<\/div>\n<\/div><\/div><\/div><\/div><\/div><div class=\"wpb_column vc_column_container vc_col-sm-2 vc_col-lg-6 vc_col-md-2 vc_hidden-xs\"><div class=\"vc_column-inner\"><div class=\"wpb_wrapper\"><\/div><\/div><\/div><\/div><\/div><\/div><\/div><\/div><\/div><div class=\"mkdf-row-parallax-background-elements-holder mkdf-parallax-elements-top\"><div class=\"mkdf-row-parallax-left\"><img decoding=\"async\" class=\"mkdf-row-parallax-element\" src=\"https:\/\/www.vichinoisecakes.com\/wp-content\/uploads\/2022\/04\/accolades-left-img_blue.png\" alt=\"Left Parallax Background Element\"\/><\/div><\/div><\/div>\n<\/section>","protected":false},"excerpt":{"rendered":"1.CONTACTEZ-NOUS Le premier pas est de nous contacter par t\u00e9l\u00e9phone ou courriel pour v\u00e9rifier notre disponibilit\u00e9 et \u00e9changer sur vos id\u00e9es. Nous vous enverrons un devis peu apr\u00e8s. Le d\u00e9lai pour un g\u00e2teau sur mesure est au moins 3 semaines [...]","protected":false},"author":1,"featured_media":0,"parent":0,"menu_order":0,"comment_status":"closed","ping_status":"closed","template":"full-width.php","meta":{"footnotes":""},"class_list":["post-3521","page","type-page","status-publish","hentry"],"_links":{"self":[{"href":"https:\/\/www.vichinoisecakes.com\/en\/wp-json\/wp\/v2\/pages\/3521","targetHints":{"allow":["GET"]}}],"collection":[{"href":"https:\/\/www.vichinoisecakes.com\/en\/wp-json\/wp\/v2\/pages"}],"about":[{"href":"https:\/\/www.vichinoisecakes.com\/en\/wp-json\/wp\/v2\/types\/page"}],"author":[{"embeddable":true,"href":"https:\/\/www.vichinoisecakes.com\/en\/wp-json\/wp\/v2\/users\/1"}],"replies":[{"embeddable":true,"href":"https:\/\/www.vichinoisecakes.com\/en\/wp-json\/wp\/v2\/comments?post=3521"}],"version-history":[{"count":30,"href":"https:\/\/www.vichinoisecakes.com\/en\/wp-json\/wp\/v2\/pages\/3521\/revisions"}],"predecessor-version":[{"id":4160,"href":"https:\/\/www.vichinoisecakes.com\/en\/wp-json\/wp\/v2\/pages\/3521\/revisions\/4160"}],"wp:attachment":[{"href":"https:\/\/www.vichinoisecakes.com\/en\/wp-json\/wp\/v2\/media?parent=3521"}],"curies":[{"name":"wp","href":"https:\/\/api.w.org\/{rel}","templated":true}]}}