{"id":24,"date":"2022-03-20T18:28:23","date_gmt":"2022-03-20T18:28:23","guid":{"rendered":"https:\/\/stage.vichinoisecakes.com\/?page_id=24"},"modified":"2023-05-04T19:47:09","modified_gmt":"2023-05-04T18:47:09","slug":"sur-moi","status":"publish","type":"page","link":"https:\/\/www.vichinoisecakes.com\/en\/sur-moi\/","title":{"rendered":"About me"},"content":{"rendered":"<section class=\"wpb-content-wrapper\"><div class=\"vc_row wpb_row vc_row-fluid vc_row-o-content-top vc_row-flex mkdf-content-aligment-center\" ><div class=\"wpb_column vc_column_container vc_col-sm-12\"><div class=\"vc_column-inner\"><div class=\"wpb_wrapper\"><div class=\"mkdf-elements-holder   mkdf-two-columns  mkdf-responsive-mode-1024\" ><div class=\"mkdf-eh-item  mkdf-vertical-alignment-top mkdf-horizontal-alignment-center\"  data-item-class=\"mkdf-eh-custom-7064\" data-1367-1600=\"0 0 0 13%\" data-1025-1366=\"0 0 0 15%\" data-769-1024=\"0 0 0 9%\" data-681-768=\"0 0 0 9%\" data-680=\"0 0 0 5%\">\n\t<div class=\"mkdf-eh-item-inner\">\n\t\t<div class=\"mkdf-eh-item-content mkdf-eh-custom-7064\" style=\"padding: 0 0 0 38%\">\n\t\t\t<div class=\"mkdf-section-title-holder  mkdf-st-standard mkdf-st-title-left mkdf-st-normal-space\" style=\"padding:0 0 15% 0;text-align: left\">\n\t<div class=\"mkdf-st-inner\">\n\t\t\t\t\t<h1 class=\"mkdf-st-title\" >\n\t\t\t\tThe artist<br \/>\t\t\t<\/h1>\n\t\t    <span class=\"mkdf-st-line\" style=\"margin: 50px 9% 0 14%; height: 120px\"><\/span>\n    <div class=\"mkdf-st-text\" style=\"margin-top: 45px;padding-right: 90px\">\n        \n<section class=\"elementor-section elementor-inner-section elementor-element elementor-element-589b04fc elementor-section-boxed elementor-section-height-default elementor-section-height-default\" data-id=\"589b04fc\" data-element_type=\"section\">\n<div class=\"elementor-container elementor-column-gap-default\">\n<div class=\"elementor-row\">\n<div class=\"elementor-column elementor-col-50 elementor-inner-column elementor-element elementor-element-7355b28a\" data-id=\"7355b28a\" data-element_type=\"column\">\n<div class=\"elementor-column-wrap elementor-element-populated\">\n<div class=\"elementor-widget-wrap\">\n<div class=\"elementor-element elementor-element-1fc2b5f4 elementor-widget elementor-widget-text-editor\" data-id=\"1fc2b5f4\" data-element_type=\"widget\" data-widget_type=\"text-editor.default\">\n<div class=\"elementor-widget-container\">\n<div class=\"elementor-text-editor elementor-clearfix\">\n<p>Hi! I\u2019m Po Yee, the cake artist behind Vichinoise Cakes. I was born and raised in San Francisco. A few years after graduating from university, I had an itch to live abroad, and for eleven years, I called London my home. Nowadays, I am based in Les Clayes-sous-Bois nearby one of the most beautiful cities in the world: Paris.<\/p>\n<p>After working in financial services for over a decade, I felt that I needed a change. While planning for my own wedding, I was captivated by the beauty and elegance of wedding cakes that I saw. Since I\u2019ve always been the creative type, I decided that a suitable career change would be to become a cake designer.<\/p>\n<\/div>\n<\/div>\n<\/div>\n<\/div>\n<\/div>\n<\/div>\n<\/div>\n<\/div>\n<\/section>\n<div class=\"elementor-element elementor-element-cd9ac04 elementor-widget elementor-widget-text-editor\" data-id=\"cd9ac04\" data-element_type=\"widget\" data-widget_type=\"text-editor.default\">\n<div class=\"elementor-widget-container\">\n<div class=\"elementor-text-editor elementor-clearfix\">\n<p>I attended my first cake decorating course in the U.K. in 2017. After completing numerous other cake decorating courses in the U.K. and a pastry certificate in France, I was ready to launch my own cake company. In 2021, I had achieved my goal: Vichinoise Cakes was born.<\/p>\n<p>Creating unique works of art for my clients' special occasions gives me immense satisfaction. My cake decorating journey is one that I'm extremely passionate about, and I look forward to sharing it with you!<\/p>\n<\/div>\n<\/div>\n<p><img loading=\"lazy\" decoding=\"async\" class=\"wp-image-3769 aligncenter\" src=\"https:\/\/www.vichinoisecakes.com\/wp-content\/uploads\/2022\/06\/signature_g-300x136.png\" alt=\"\" width=\"221\" height=\"100\" srcset=\"https:\/\/www.vichinoisecakes.com\/wp-content\/uploads\/2022\/06\/signature_g-300x136.png 300w, https:\/\/www.vichinoisecakes.com\/wp-content\/uploads\/2022\/06\/signature_g-18x8.png 18w, https:\/\/www.vichinoisecakes.com\/wp-content\/uploads\/2022\/06\/signature_g.png 401w\" sizes=\"auto, (max-width: 221px) 100vw, 221px\" \/><\/p>\n<\/div>\n    <\/div>\n\t<\/div>\n<\/div><div class=\"vc_empty_space\"   style=\"height: 70px\"><span class=\"vc_empty_space_inner\"><\/span><\/div>\t\t<\/div>\n\t<\/div>\n<\/div><div class=\"mkdf-eh-item  mkdf-vertical-alignment-top\"  data-item-class=\"mkdf-eh-custom-2814\">\n\t<div class=\"mkdf-eh-item-inner\">\n\t\t<div class=\"mkdf-eh-item-content mkdf-eh-custom-2814\" style=\"padding: 0 0 0 9%\">\n\t\t\t<div class=\"mkdf-single-image-holder\" >\n    <div class=\"mkdf-si-inner\" >\n                                    <img loading=\"lazy\" decoding=\"async\" width=\"1100\" height=\"1650\" src=\"https:\/\/www.vichinoisecakes.com\/wp-content\/uploads\/2022\/05\/IMG_3624_1100_2.jpg\" class=\"attachment-full size-full\" alt=\"\" srcset=\"https:\/\/www.vichinoisecakes.com\/wp-content\/uploads\/2022\/05\/IMG_3624_1100_2.jpg 1100w, https:\/\/www.vichinoisecakes.com\/wp-content\/uploads\/2022\/05\/IMG_3624_1100_2-200x300.jpg 200w, https:\/\/www.vichinoisecakes.com\/wp-content\/uploads\/2022\/05\/IMG_3624_1100_2-683x1024.jpg 683w, https:\/\/www.vichinoisecakes.com\/wp-content\/uploads\/2022\/05\/IMG_3624_1100_2-768x1152.jpg 768w, https:\/\/www.vichinoisecakes.com\/wp-content\/uploads\/2022\/05\/IMG_3624_1100_2-1024x1536.jpg 1024w\" sizes=\"auto, (max-width: 1100px) 100vw, 1100px\">                        <\/div>\n<\/div>\t\t<\/div>\n\t<\/div>\n<\/div><\/div><\/div><\/div><\/div><\/div>\n<\/section>","protected":false},"excerpt":{"rendered":"L'artiste Bonjour !\u00a0 Je suis Po Yee, l\u2019artiste de Vichinoise Cakes. Je suis n\u00e9e et j\u2019ai grandi \u00e0 San Francisco aux \u00c9tats-Unis. Quelques ann\u00e9es apr\u00e8s \u00eatre sortie d\u2019\u00e9tudes, l\u2019envie de partir \u00e0 l\u2019international m\u2019a conquise, et pendant onze ans, j\u2019ai [...]","protected":false},"author":1,"featured_media":0,"parent":0,"menu_order":0,"comment_status":"closed","ping_status":"closed","template":"full-width.php","meta":{"footnotes":""},"class_list":["post-24","page","type-page","status-publish","hentry"],"_links":{"self":[{"href":"https:\/\/www.vichinoisecakes.com\/en\/wp-json\/wp\/v2\/pages\/24","targetHints":{"allow":["GET"]}}],"collection":[{"href":"https:\/\/www.vichinoisecakes.com\/en\/wp-json\/wp\/v2\/pages"}],"about":[{"href":"https:\/\/www.vichinoisecakes.com\/en\/wp-json\/wp\/v2\/types\/page"}],"author":[{"embeddable":true,"href":"https:\/\/www.vichinoisecakes.com\/en\/wp-json\/wp\/v2\/users\/1"}],"replies":[{"embeddable":true,"href":"https:\/\/www.vichinoisecakes.com\/en\/wp-json\/wp\/v2\/comments?post=24"}],"version-history":[{"count":21,"href":"https:\/\/www.vichinoisecakes.com\/en\/wp-json\/wp\/v2\/pages\/24\/revisions"}],"predecessor-version":[{"id":4041,"href":"https:\/\/www.vichinoisecakes.com\/en\/wp-json\/wp\/v2\/pages\/24\/revisions\/4041"}],"wp:attachment":[{"href":"https:\/\/www.vichinoisecakes.com\/en\/wp-json\/wp\/v2\/media?parent=24"}],"curies":[{"name":"wp","href":"https:\/\/api.w.org\/{rel}","templated":true}]}}