{"id":22,"date":"2022-03-20T18:27:54","date_gmt":"2022-03-20T18:27:54","guid":{"rendered":"https:\/\/stage.vichinoisecakes.com\/?page_id=22"},"modified":"2026-01-25T08:35:51","modified_gmt":"2026-01-25T07:35:51","slug":"informations","status":"publish","type":"page","link":"https:\/\/www.vichinoisecakes.com\/en\/informations\/","title":{"rendered":"Information"},"content":{"rendered":"<section class=\"wpb-content-wrapper\"><div class=\"vc_row wpb_row vc_row-fluid\" ><div class=\"wpb_column vc_column_container vc_col-sm-12\"><div class=\"vc_column-inner\"><div class=\"wpb_wrapper\"><div class=\"vc_empty_space\"   style=\"height: 50px\"><span class=\"vc_empty_space_inner\"><\/span><\/div><\/div><\/div><\/div><\/div><div class=\"mkdf-row-grid-section-wrapper \"  ><div class=\"mkdf-row-grid-section\"><div class=\"vc_row wpb_row vc_row-fluid vc_custom_1534336937178\" ><div class=\"wpb_column vc_column_container vc_col-sm-12 vc_col-lg-offset-0 vc_col-lg-6 vc_col-md-offset-1 vc_col-md-10 vc_col-sm-offset-0 vc_col-xs-12\"><div class=\"vc_column-inner\"><div class=\"wpb_wrapper\"><div class=\"mkdf-accordion-holder mkdf-ac-default  mkdf-accordion mkdf-ac-boxed mkdf-white-skin clearfix\">\n\t<h5 class=\"mkdf-accordion-title\">\n    <span class=\"mkdf-accordion-mark\">\n\t\t<span class=\"mkdf_icon_plus icon_plus\"><\/span>\n\t\t<span class=\"mkdf_icon_minus icon_minus-06\"><\/span>\n\t<\/span>\n\t<span class=\"mkdf-tab-title\">ACOMPTE<\/span>\n<\/h5>\n<div class=\"mkdf-accordion-content\">\n\t<div class=\"mkdf-accordion-content-inner\">\n\t\t\n\t<div class=\"wpb_text_column wpb_content_element \" >\n\t\t<div class=\"wpb_wrapper\">\n\t\t\t<p>Afin de passer une commande et r\u00e9server une date, nous requ\u00e9rons un acompte non-remboursable de 50% du montant du devis, qui sera d\u00e9duit du co\u00fbt final. L\u2019acompte n\u2019est remboursable dans aucune circonstance sauf si Vichinoise Cakes doit annuler votre commande. Dans ce cas, nous vous pr\u00e9viendrons aussit\u00f4t que possible, et nous vous rembourserons l\u2019int\u00e9gralit\u00e9 du co\u00fbt d\u00e9j\u00e0 pay\u00e9 d\u00e8s que possible.<\/p>\n\n\t\t<\/div>\n\t<\/div>\n\t<\/div>\n<\/div><h5 class=\"mkdf-accordion-title\">\n    <span class=\"mkdf-accordion-mark\">\n\t\t<span class=\"mkdf_icon_plus icon_plus\"><\/span>\n\t\t<span class=\"mkdf_icon_minus icon_minus-06\"><\/span>\n\t<\/span>\n\t<span class=\"mkdf-tab-title\">SOLDE<\/span>\n<\/h5>\n<div class=\"mkdf-accordion-content\">\n\t<div class=\"mkdf-accordion-content-inner\">\n\t\t\n\t<div class=\"wpb_text_column wpb_content_element \" >\n\t\t<div class=\"wpb_wrapper\">\n\t\t\t<p>Il est n\u00e9cessaire de solder la commande au plus tard le jour de la collecte \/ livraison.<\/p>\n<p>Si vous r\u00e9glez par esp\u00e8ces, merci de bien vouloir faire l\u2019appoint. Si vous r\u00e9glez par virement bancaire, Vichinoise Cakes doit recevoir le solde avant la collecte \/ livraison du produit.<\/p>\n<p>Si vous n\u2019acceptez pas le produit final, l\u2019acompte ne sera pas rembours\u00e9. Vous pouvez soit payer le solde et prendre le produit, soit laisser le g\u00e2teau sans frais suppl\u00e9mentaire.<\/p>\n\n\t\t<\/div>\n\t<\/div>\n\t<\/div>\n<\/div><h5 class=\"mkdf-accordion-title\">\n    <span class=\"mkdf-accordion-mark\">\n\t\t<span class=\"mkdf_icon_plus icon_plus\"><\/span>\n\t\t<span class=\"mkdf_icon_minus icon_minus-06\"><\/span>\n\t<\/span>\n\t<span class=\"mkdf-tab-title\">ADJOURNEMENT<\/span>\n<\/h5>\n<div class=\"mkdf-accordion-content\">\n\t<div class=\"mkdf-accordion-content-inner\">\n\t\t\n\t<div class=\"wpb_text_column wpb_content_element \" >\n\t\t<div class=\"wpb_wrapper\">\n\t\t\t<p>Si votre \u00e9v\u00e9nement est report\u00e9 pour n\u2019importe quelle raison, merci de nous contacter d\u00e8s que possible. L\u2019acompte peut \u00eatre transf\u00e9r\u00e9 \u00e0 une autre date selon notre disponibilit\u00e9.<\/p>\n\n\t\t<\/div>\n\t<\/div>\n\t<\/div>\n<\/div><h5 class=\"mkdf-accordion-title\">\n    <span class=\"mkdf-accordion-mark\">\n\t\t<span class=\"mkdf_icon_plus icon_plus\"><\/span>\n\t\t<span class=\"mkdf_icon_minus icon_minus-06\"><\/span>\n\t<\/span>\n\t<span class=\"mkdf-tab-title\">TARIFS<\/span>\n<\/h5>\n<div class=\"mkdf-accordion-content\">\n\t<div class=\"mkdf-accordion-content-inner\">\n\t\t\n\t<div class=\"wpb_text_column wpb_content_element \" >\n\t\t<div class=\"wpb_wrapper\">\n\t\t\t<p>Le co\u00fbt de chaque g\u00e2teau varie en fonction de la quantit\u00e9 des parts, du choix des parfums et de la complexit\u00e9 du design.<\/p>\n\n\t\t<\/div>\n\t<\/div>\n\t<\/div>\n<\/div><h5 class=\"mkdf-accordion-title\">\n    <span class=\"mkdf-accordion-mark\">\n\t\t<span class=\"mkdf_icon_plus icon_plus\"><\/span>\n\t\t<span class=\"mkdf_icon_minus icon_minus-06\"><\/span>\n\t<\/span>\n\t<span class=\"mkdf-tab-title\">D\u00c9GUSTATIONS<\/span>\n<\/h5>\n<div class=\"mkdf-accordion-content\">\n\t<div class=\"mkdf-accordion-content-inner\">\n\t\t\n\t<div class=\"wpb_text_column wpb_content_element \" >\n\t\t<div class=\"wpb_wrapper\">\n\t\t\t<p>La d\u00e9gustation des parfums est r\u00e9serv\u00e9e aux g\u00e2teaux de mariage \u00e0 partir de 60 parts. Ce service co\u00fbte 40 \u20ac pour deux personnes. Toutefois, si vous d\u00e9cidez de signer le contrat, le frais sera d\u00e9duit du devis.<\/p>\n\n\t\t<\/div>\n\t<\/div>\n\t<\/div>\n<\/div><h5 class=\"mkdf-accordion-title\">\n    <span class=\"mkdf-accordion-mark\">\n\t\t<span class=\"mkdf_icon_plus icon_plus\"><\/span>\n\t\t<span class=\"mkdf_icon_minus icon_minus-06\"><\/span>\n\t<\/span>\n\t<span class=\"mkdf-tab-title\">PARTS<\/span>\n<\/h5>\n<div class=\"mkdf-accordion-content\">\n\t<div class=\"mkdf-accordion-content-inner\">\n\t\t\n\t<div class=\"wpb_text_column wpb_content_element \" >\n\t\t<div class=\"wpb_wrapper\">\n\t\t\t<div class=\"elementor-element elementor-element-d9ad5e6 elementor-widget elementor-widget-text-editor\" data-id=\"d9ad5e6\" data-element_type=\"widget\" data-widget_type=\"text-editor.default\">\n<div class=\"elementor-widget-container\">\n<div class=\"elementor-text-editor elementor-clearfix\">\n<p>La taille du g\u00e2teau \u00e0 commander d\u00e9pend de l\u2019\u00e9v\u00e9nement. Veuillez vous r\u00e9f\u00e9rer au graphique ci-dessous pour vous aider \u00e0 choisir la taille du g\u00e2teau en fonction du nombre de parts de chaque taille. Nous sommes bien entendu pr\u00e9sents pour vous aider et vous orienter au mieux afin d\u2019avoir une taille ad\u00e9quate en fonction de vos besoins.<\/p>\n<p>Si vous souhaitez rajouter de la hauteur \u00e0 votre design sans pour autant ajouter des parts, nous pouvons incorporer des \u00e9tages factices en polystyr\u00e8ne. Autrement, si vous d\u00e9sirez des parts suppl\u00e9mentaires sans rajouter de la hauteur \u00e0 votre design, nous pouvons fabriquer des g\u00e2teaux uniquement pour le service et non pour la pr\u00e9sentation. Bien que ces g\u00e2teaux soient glac\u00e9s avec la p\u00e2te \u00e0 sucre, ils ne seront pas d\u00e9cor\u00e9s.<\/p>\n<p>&nbsp;<\/p>\n<\/div>\n<\/div>\n<\/div>\n\n\t\t<\/div>\n\t<\/div>\n\n\t<div  class=\"wpb_single_image wpb_content_element vc_align_center\">\n\t\t\n\t\t<figure class=\"wpb_wrapper vc_figure\">\n\t\t\t<a class=\"\" data-lightbox=\"lightbox[rel-22-925255112]\" href=\"https:\/\/www.vichinoisecakes.com\/wp-content\/uploads\/2022\/03\/Parts_fr-page001-1-scaled-1-1024x724.jpg\" target=\"_self\" class=\"vc_single_image-wrapper   vc_box_border_grey\"><img loading=\"lazy\" decoding=\"async\" width=\"300\" height=\"212\" src=\"https:\/\/www.vichinoisecakes.com\/wp-content\/uploads\/2022\/03\/Parts_fr-page001-1-scaled-1-300x212.jpg\" class=\"vc_single_image-img attachment-medium\" alt=\"\" title=\"Parts_fr-page001-1-scaled\" srcset=\"https:\/\/www.vichinoisecakes.com\/wp-content\/uploads\/2022\/03\/Parts_fr-page001-1-scaled-1-300x212.jpg 300w, https:\/\/www.vichinoisecakes.com\/wp-content\/uploads\/2022\/03\/Parts_fr-page001-1-scaled-1-1024x724.jpg 1024w, https:\/\/www.vichinoisecakes.com\/wp-content\/uploads\/2022\/03\/Parts_fr-page001-1-scaled-1-768x543.jpg 768w, https:\/\/www.vichinoisecakes.com\/wp-content\/uploads\/2022\/03\/Parts_fr-page001-1-scaled-1-1536x1087.jpg 1536w\" sizes=\"auto, (max-width: 300px) 100vw, 300px\"><\/a>\n\t\t<\/figure>\n\t<\/div>\n\t<\/div>\n<\/div><h5 class=\"mkdf-accordion-title\">\n    <span class=\"mkdf-accordion-mark\">\n\t\t<span class=\"mkdf_icon_plus icon_plus\"><\/span>\n\t\t<span class=\"mkdf_icon_minus icon_minus-06\"><\/span>\n\t<\/span>\n\t<span class=\"mkdf-tab-title\">REPRODUCTION DES MOD\u00c8LES<\/span>\n<\/h5>\n<div class=\"mkdf-accordion-content\">\n\t<div class=\"mkdf-accordion-content-inner\">\n\t\t\n\t<div class=\"wpb_text_column wpb_content_element \" >\n\t\t<div class=\"wpb_wrapper\">\n\t\t\t<div class=\"elementor-element elementor-element-d9ad5e6 elementor-widget elementor-widget-text-editor\" data-id=\"d9ad5e6\" data-element_type=\"widget\" data-widget_type=\"text-editor.default\">\n<div class=\"elementor-widget-container\">\n<div class=\"elementor-text-editor elementor-clearfix\">Si vous d\u00e9sirez que votre g\u00e2teau soit bas\u00e9 sur un mod\u00e8le d&rsquo;un autre artiste (y compris les images g\u00e9n\u00e9r\u00e9es par l&rsquo;intelligence artificielle), veuillez noter que bien que Vichinoise Cakes prenne des \u00e9l\u00e9ments d&rsquo;inspiration de ce mod\u00e8le, elle ne le reproduira pas \u00e0 l&rsquo;identique. Pour des raisons de droits d\u2019artiste et de respect, Vichinoise Cakes ne se permet pas de recopier un design tel quel, mais plut\u00f4t d\u00e9corer un g\u00e2teau avec son style, tout en gardant le th\u00e8me principal recherch\u00e9.<\/div>\n<\/div>\n<\/div>\n\n\t\t<\/div>\n\t<\/div>\n\t<\/div>\n<\/div><\/div><div class=\"vc_empty_space\"   style=\"height: 70px\"><span class=\"vc_empty_space_inner\"><\/span><\/div><\/div><\/div><\/div><div class=\"wpb_column vc_column_container vc_col-sm-12 vc_col-lg-offset-0 vc_col-lg-6 vc_col-md-offset-1 vc_col-md-10 vc_col-sm-offset-0 vc_col-xs-12\"><div class=\"vc_column-inner\"><div class=\"wpb_wrapper\"><div class=\"mkdf-accordion-holder mkdf-ac-default  mkdf-accordion mkdf-ac-boxed mkdf-white-skin clearfix\">\n\t<h5 class=\"mkdf-accordion-title\">\n    <span class=\"mkdf-accordion-mark\">\n\t\t<span class=\"mkdf_icon_plus icon_plus\"><\/span>\n\t\t<span class=\"mkdf_icon_minus icon_minus-06\"><\/span>\n\t<\/span>\n\t<span class=\"mkdf-tab-title\">MODIFICATIONS<\/span>\n<\/h5>\n<div class=\"mkdf-accordion-content\">\n\t<div class=\"mkdf-accordion-content-inner\">\n\t\t\n\t<div class=\"wpb_text_column wpb_content_element \" >\n\t\t<div class=\"wpb_wrapper\">\n\t\t\t<p>Si vous d\u00e9sirez modifier votre design, merci de nous contacter par \u00e9crit le plus t\u00f4t possible. Vichinoise Cakes \u00e9valuera votre demande et essayera d\u2019effectuer le changement. Il se peut que la modification impacte le co\u00fbt final.<\/p>\n\n\t\t<\/div>\n\t<\/div>\n\t<\/div>\n<\/div><h5 class=\"mkdf-accordion-title\">\n    <span class=\"mkdf-accordion-mark\">\n\t\t<span class=\"mkdf_icon_plus icon_plus\"><\/span>\n\t\t<span class=\"mkdf_icon_minus icon_minus-06\"><\/span>\n\t<\/span>\n\t<span class=\"mkdf-tab-title\">FRAIS DE LIVRAISON ET MONTAGE<\/span>\n<\/h5>\n<div class=\"mkdf-accordion-content\">\n\t<div class=\"mkdf-accordion-content-inner\">\n\t\t\n\t<div class=\"wpb_text_column wpb_content_element \" >\n\t\t<div class=\"wpb_wrapper\">\n\t\t\t<div class=\"elementor-element elementor-element-31d5081 elementor-widget elementor-widget-text-editor\" data-id=\"31d5081\" data-element_type=\"widget\" data-widget_type=\"text-editor.default\">\n<div class=\"elementor-widget-container\">\n<div class=\"elementor-text-editor elementor-clearfix\">\n<p>La livraison et le montage sont disponibles pour les g\u00e2teaux de mariage \u00e0 partir de 100 parts et peuvent se faire sur le lieu de votre choix. G\u00e9n\u00e9ralement, nous desservons la r\u00e9gion de l\u2019\u00cele-de-France. Toutefois, si votre destination est plus \u00e9loign\u00e9e, contactez-nous pour discuter.<\/p>\n<p>La livraison est un service payant \u00e0 hauteur de 2 \u20ac par kilom\u00e8tre entre notre atelier aux Clayes-sous-Bois (Yvelines \u2013 78) et la destination choisie. Alternativement, il est possible de venir chercher votre g\u00e2teau directement \u00e0 notre atelier sans frais suppl\u00e9mentaire.<\/p>\n<\/div>\n<\/div>\n<\/div>\n\n\t\t<\/div>\n\t<\/div>\n\t<\/div>\n<\/div><h5 class=\"mkdf-accordion-title\">\n    <span class=\"mkdf-accordion-mark\">\n\t\t<span class=\"mkdf_icon_plus icon_plus\"><\/span>\n\t\t<span class=\"mkdf_icon_minus icon_minus-06\"><\/span>\n\t<\/span>\n\t<span class=\"mkdf-tab-title\">ENDOMMAGEMENT<\/span>\n<\/h5>\n<div class=\"mkdf-accordion-content\">\n\t<div class=\"mkdf-accordion-content-inner\">\n\t\t\n\t<div class=\"wpb_text_column wpb_content_element \" >\n\t\t<div class=\"wpb_wrapper\">\n\t\t\t<div class=\"elementor-element elementor-element-31d5081 elementor-widget elementor-widget-text-editor\" data-id=\"31d5081\" data-element_type=\"widget\" data-widget_type=\"text-editor.default\">\n<div class=\"elementor-widget-container\">\n<div class=\"elementor-text-editor elementor-clearfix\">Vichinoise Cakes n\u2019est pas responsable si votre g\u00e2teau est endommag\u00e9 apr\u00e8s la collecte \/ livraison. La personne qui est responsable de l\u2019enl\u00e8vement devra signer un formulaire pour confirmer que l\u2019\u00e9tat du g\u00e2teau est bon au moment de la collecte \/ livraison.<\/div>\n<\/div>\n<\/div>\n\n\t\t<\/div>\n\t<\/div>\n\t<\/div>\n<\/div><h5 class=\"mkdf-accordion-title\">\n    <span class=\"mkdf-accordion-mark\">\n\t\t<span class=\"mkdf_icon_plus icon_plus\"><\/span>\n\t\t<span class=\"mkdf_icon_minus icon_minus-06\"><\/span>\n\t<\/span>\n\t<span class=\"mkdf-tab-title\">EXIGENCES DI\u00c9T\u00c9TIQUES ET ALLERGIES<\/span>\n<\/h5>\n<div class=\"mkdf-accordion-content\">\n\t<div class=\"mkdf-accordion-content-inner\">\n\t\t\n\t<div class=\"wpb_text_column wpb_content_element \" >\n\t\t<div class=\"wpb_wrapper\">\n\t\t\t<div class=\"elementor-element elementor-element-31d5081 elementor-widget elementor-widget-text-editor\" data-id=\"31d5081\" data-element_type=\"widget\" data-widget_type=\"text-editor.default\">\n<div class=\"elementor-widget-container\">\n<div class=\"elementor-text-editor elementor-clearfix\">\n<p>Nous regrettons que nous ne puissions pas actuellement adapter nos g\u00e2teaux aux exigences di\u00e9t\u00e9tiques.<\/p>\n<p>Tous nos g\u00e2teaux contiennent des allerg\u00e8nes et sont confectionn\u00e9s dans un environnement o\u00f9 des allerg\u00e8nes sont utilis\u00e9s.<\/p>\n<p>Nos g\u00e2teaux sont garnis avec la cr\u00e8me au beurre \u00e0 la meringue suisse qui consiste \u00e0 cuire des blancs d&rsquo;\u0153ufs jusqu&rsquo;\u00e0 une temp\u00e9rature de 70\u00b0C minimum. Pour des personnes ayant un syst\u00e8me immunitaire plus faible (les femmes enceintes par exemple), il est conseill\u00e9 de consulter un professionnel de sant\u00e9 si elles ne sont pas certaines de pouvoir consommer nos g\u00e2teaux.<\/p>\n<p>Vichinoise Cakes n\u2019est pas responsable pour des r\u00e9actions allergiques ou d\u2019autres r\u00e9actions alimentaires \u00e0 leurs produits.<\/p>\n<\/div>\n<\/div>\n<\/div>\n\n\t\t<\/div>\n\t<\/div>\n\t<\/div>\n<\/div><h5 class=\"mkdf-accordion-title\">\n    <span class=\"mkdf-accordion-mark\">\n\t\t<span class=\"mkdf_icon_plus icon_plus\"><\/span>\n\t\t<span class=\"mkdf_icon_minus icon_minus-06\"><\/span>\n\t<\/span>\n\t<span class=\"mkdf-tab-title\">D\u00c9CORATIONS NON-COMESTIBLES<\/span>\n<\/h5>\n<div class=\"mkdf-accordion-content\">\n\t<div class=\"mkdf-accordion-content-inner\">\n\t\t\n\t<div class=\"wpb_text_column wpb_content_element \" >\n\t\t<div class=\"wpb_wrapper\">\n\t\t\t<div class=\"elementor-element elementor-element-31d5081 elementor-widget elementor-widget-text-editor\" data-id=\"31d5081\" data-element_type=\"widget\" data-widget_type=\"text-editor.default\">\n<div class=\"elementor-widget-container\">\n<div class=\"elementor-text-editor elementor-clearfix\">Il se peut que votre g\u00e2teau contienne des d\u00e9corations ou supports non-comestibles tels que les rubans, les tubes pour fleurs, les goujons, les pics \u00e0 cocktail, les pailles ou le polystyr\u00e8ne. Ces d\u00e9corations et supports doivent \u00eatre enlev\u00e9s avant la consommation du g\u00e2teau.<\/div>\n<\/div>\n<\/div>\n\n\t\t<\/div>\n\t<\/div>\n\t<\/div>\n<\/div><h5 class=\"mkdf-accordion-title\">\n    <span class=\"mkdf-accordion-mark\">\n\t\t<span class=\"mkdf_icon_plus icon_plus\"><\/span>\n\t\t<span class=\"mkdf_icon_minus icon_minus-06\"><\/span>\n\t<\/span>\n\t<span class=\"mkdf-tab-title\">PHOTOS DES G\u00c2TEAUX<\/span>\n<\/h5>\n<div class=\"mkdf-accordion-content\">\n\t<div class=\"mkdf-accordion-content-inner\">\n\t\t\n\t<div class=\"wpb_text_column wpb_content_element \" >\n\t\t<div class=\"wpb_wrapper\">\n\t\t\t<div class=\"elementor-element elementor-element-31d5081 elementor-widget elementor-widget-text-editor\" data-id=\"31d5081\" data-element_type=\"widget\" data-widget_type=\"text-editor.default\">\n<div class=\"elementor-widget-container\">\n<div class=\"elementor-text-editor elementor-clearfix\">Vichinoise Cakes a le droit de prendre et utiliser des photos de votre g\u00e2teau pour la publicit\u00e9 sans vous indemniser.<\/div>\n<\/div>\n<\/div>\n\n\t\t<\/div>\n\t<\/div>\n\t<\/div>\n<\/div><\/div><div class=\"vc_empty_space\"   style=\"height: 70px\"><span class=\"vc_empty_space_inner\"><\/span><\/div><\/div><\/div><\/div><\/div><\/div><\/div>\n<\/section>","protected":false},"excerpt":{"rendered":"ACOMPTE Afin de passer une commande et r\u00e9server une date, nous requ\u00e9rons un acompte non-remboursable de 50% du montant du devis, qui sera d\u00e9duit du co\u00fbt final. L\u2019acompte n\u2019est remboursable dans aucune circonstance sauf si Vichinoise Cakes doit annuler votre [...]","protected":false},"author":1,"featured_media":0,"parent":0,"menu_order":0,"comment_status":"closed","ping_status":"closed","template":"full-width.php","meta":{"footnotes":""},"class_list":["post-22","page","type-page","status-publish","hentry"],"_links":{"self":[{"href":"https:\/\/www.vichinoisecakes.com\/en\/wp-json\/wp\/v2\/pages\/22","targetHints":{"allow":["GET"]}}],"collection":[{"href":"https:\/\/www.vichinoisecakes.com\/en\/wp-json\/wp\/v2\/pages"}],"about":[{"href":"https:\/\/www.vichinoisecakes.com\/en\/wp-json\/wp\/v2\/types\/page"}],"author":[{"embeddable":true,"href":"https:\/\/www.vichinoisecakes.com\/en\/wp-json\/wp\/v2\/users\/1"}],"replies":[{"embeddable":true,"href":"https:\/\/www.vichinoisecakes.com\/en\/wp-json\/wp\/v2\/comments?post=22"}],"version-history":[{"count":40,"href":"https:\/\/www.vichinoisecakes.com\/en\/wp-json\/wp\/v2\/pages\/22\/revisions"}],"predecessor-version":[{"id":4271,"href":"https:\/\/www.vichinoisecakes.com\/en\/wp-json\/wp\/v2\/pages\/22\/revisions\/4271"}],"wp:attachment":[{"href":"https:\/\/www.vichinoisecakes.com\/en\/wp-json\/wp\/v2\/media?parent=22"}],"curies":[{"name":"wp","href":"https:\/\/api.w.org\/{rel}","templated":true}]}}